{"id":97,"date":"2023-07-31T09:37:48","date_gmt":"2023-07-31T12:37:48","guid":{"rendered":"https:\/\/aprendasax.com\/?page_id=97"},"modified":"2023-08-02T08:51:02","modified_gmt":"2023-08-02T11:51:02","slug":"contato","status":"publish","type":"page","link":"https:\/\/aprendasax.com\/index.php\/contato\/","title":{"rendered":"Contato"},"content":{"rendered":"\n<h2 class=\"wp-block-heading\">E-mail: <\/h2>\n\n\n\n<p>contato@pabloribeirosax.com<\/p>\n\n\n\n<h2 class=\"wp-block-heading\">Whatsapp:<\/h2>\n\n\n\n<p>+55 (15) 981376417<\/p>\n\n\n\n<p><strong>Entre em contato com a equipe de Pablo Ribeiro no bot\u00e3o abaixo:<\/strong><\/p>\n\n\n\n<div class=\"wp-block-buttons is-layout-flex wp-block-buttons-is-layout-flex\">\n<div class=\"wp-block-button\"><a class=\"wp-block-button__link wp-element-button\" href=\"https:\/\/api.whatsapp.com\/send?phone=5515981376417&amp;text=Ol%C3%A1,%20gostaria%20de%20saber%20sobre%20as%20aulas%20de%20saxofone\" target=\"_blank\" rel=\"noreferrer noopener\">Whatsapp<\/a><\/div>\n<\/div>\n","protected":false},"excerpt":{"rendered":"<p>E-mail: contato@pabloribeirosax.com Whatsapp: +55 (15) 981376417 Entre em contato com a equipe de Pablo Ribeiro no bot\u00e3o abaixo:<\/p>\n","protected":false},"author":1,"featured_media":0,"parent":0,"menu_order":0,"comment_status":"closed","ping_status":"closed","template":"","meta":{"footnotes":""},"yoast_head":"<!-- This site is optimized with the Yoast SEO plugin v20.13 - https:\/\/yoast.com\/wordpress\/plugins\/seo\/ -->\n<title>Contato - aprendasax.com<\/title>\n<meta name=\"robots\" content=\"index, follow, max-snippet:-1, max-image-preview:large, max-video-preview:-1\" \/>\n<link rel=\"canonical\" href=\"https:\/\/aprendasax.com\/index.php\/contato\/\" \/>\n<meta property=\"og:locale\" content=\"en_US\" \/>\n<meta property=\"og:type\" content=\"article\" \/>\n<meta property=\"og:title\" content=\"Contato - aprendasax.com\" \/>\n<meta property=\"og:description\" content=\"E-mail: contato@pabloribeirosax.com Whatsapp: +55 (15) 981376417 Entre em contato com a equipe de Pablo Ribeiro no bot\u00e3o abaixo:\" \/>\n<meta property=\"og:url\" content=\"https:\/\/aprendasax.com\/index.php\/contato\/\" \/>\n<meta property=\"og:site_name\" content=\"aprendasax.com\" \/>\n<meta property=\"article:publisher\" content=\"https:\/\/www.facebook.com\/pabloribeirosaxx\" \/>\n<meta property=\"article:modified_time\" content=\"2023-08-02T11:51:02+00:00\" \/>\n<meta name=\"twitter:card\" content=\"summary_large_image\" \/>\n<meta name=\"twitter:label1\" content=\"Est. reading time\" \/>\n\t<meta name=\"twitter:data1\" content=\"1 minute\" \/>\n<script type=\"application\/ld+json\" class=\"yoast-schema-graph\">{\"@context\":\"https:\/\/schema.org\",\"@graph\":[{\"@type\":\"WebPage\",\"@id\":\"https:\/\/aprendasax.com\/index.php\/contato\/\",\"url\":\"https:\/\/aprendasax.com\/index.php\/contato\/\",\"name\":\"Contato - aprendasax.com\",\"isPartOf\":{\"@id\":\"https:\/\/aprendasax.com\/#website\"},\"datePublished\":\"2023-07-31T12:37:48+00:00\",\"dateModified\":\"2023-08-02T11:51:02+00:00\",\"inLanguage\":\"en-US\",\"potentialAction\":[{\"@type\":\"ReadAction\",\"target\":[\"https:\/\/aprendasax.com\/index.php\/contato\/\"]}]},{\"@type\":\"WebSite\",\"@id\":\"https:\/\/aprendasax.com\/#website\",\"url\":\"https:\/\/aprendasax.com\/\",\"name\":\"aprendasax.com\",\"description\":\"Aprenda Sax: Seu guia online para dominar o saxofone. Li\u00e7\u00f5es, dicas e recursos para saxofonistas de todos os n\u00edveis. Aprenda t\u00e9cnicas, improvisa\u00e7\u00e3o e teoria musical aplicada ao saxofone. Junte-se \u00e0 nossa comunidade apaixonada pelo saxofone e desenvolva suas habilidades musicais. Explore o Aprenda Sax agora!\",\"publisher\":{\"@id\":\"https:\/\/aprendasax.com\/#\/schema\/person\/a12a819aa155a5b78301089ca515dcd4\"},\"alternateName\":\"Aprenda Sax\",\"potentialAction\":[{\"@type\":\"SearchAction\",\"target\":{\"@type\":\"EntryPoint\",\"urlTemplate\":\"https:\/\/aprendasax.com\/?s={search_term_string}\"},\"query-input\":\"required name=search_term_string\"}],\"inLanguage\":\"en-US\"},{\"@type\":[\"Person\",\"Organization\"],\"@id\":\"https:\/\/aprendasax.com\/#\/schema\/person\/a12a819aa155a5b78301089ca515dcd4\",\"name\":\"Pablo Hugo Ribeiro de Lima\",\"image\":{\"@type\":\"ImageObject\",\"inLanguage\":\"en-US\",\"@id\":\"https:\/\/aprendasax.com\/#\/schema\/person\/image\/\",\"url\":\"http:\/\/aprendasax.com\/wp-content\/uploads\/2023\/07\/Pablo-Ribeiro-Sax-scaled-e1689192036146.jpg\",\"contentUrl\":\"http:\/\/aprendasax.com\/wp-content\/uploads\/2023\/07\/Pablo-Ribeiro-Sax-scaled-e1689192036146.jpg\",\"width\":1707,\"height\":1708,\"caption\":\"Pablo Hugo Ribeiro de Lima\"},\"logo\":{\"@id\":\"https:\/\/aprendasax.com\/#\/schema\/person\/image\/\"},\"description\":\"E a\u00ed, meus alunos e alunas de saxofone, tudo bem com voc\u00eas? Eu me chamo Pablo Ribeiro, sou um saxofonista com mais de uma d\u00e9cada de experi\u00eancia. Estudei saxofone no Conservat\u00f3rio Regional de Lyon, na Fran\u00e7a, e sou formado em saxofone pelo Conservat\u00f3rio de Tatu\u00ed, o maior da Am\u00e9rica Latina. Compartilho minha paix\u00e3o pelo saxofone e minha metodologia de ensino. Sou Artista Barkley, professor do Projeto Guri em S\u00e3o Paulo e fundador dos cursos online \\\"Iniciantes do Sax\\\" e \\\"O controle do sax\\\".\",\"sameAs\":[\"http:\/\/www.aprendasax.com\",\"https:\/\/www.facebook.com\/pabloribeirosaxx\",\"https:\/\/www.instagram.com\/pabloribeirosax\/\",\"https:\/\/www.youtube.com\/@pabloribeirosax\"]}]}<\/script>\n<!-- \/ Yoast SEO plugin. -->","yoast_head_json":{"title":"Contato - aprendasax.com","robots":{"index":"index","follow":"follow","max-snippet":"max-snippet:-1","max-image-preview":"max-image-preview:large","max-video-preview":"max-video-preview:-1"},"canonical":"https:\/\/aprendasax.com\/index.php\/contato\/","og_locale":"en_US","og_type":"article","og_title":"Contato - aprendasax.com","og_description":"E-mail: contato@pabloribeirosax.com Whatsapp: +55 (15) 981376417 Entre em contato com a equipe de Pablo Ribeiro no bot\u00e3o abaixo:","og_url":"https:\/\/aprendasax.com\/index.php\/contato\/","og_site_name":"aprendasax.com","article_publisher":"https:\/\/www.facebook.com\/pabloribeirosaxx","article_modified_time":"2023-08-02T11:51:02+00:00","twitter_card":"summary_large_image","twitter_misc":{"Est. reading time":"1 minute"},"schema":{"@context":"https:\/\/schema.org","@graph":[{"@type":"WebPage","@id":"https:\/\/aprendasax.com\/index.php\/contato\/","url":"https:\/\/aprendasax.com\/index.php\/contato\/","name":"Contato - aprendasax.com","isPartOf":{"@id":"https:\/\/aprendasax.com\/#website"},"datePublished":"2023-07-31T12:37:48+00:00","dateModified":"2023-08-02T11:51:02+00:00","inLanguage":"en-US","potentialAction":[{"@type":"ReadAction","target":["https:\/\/aprendasax.com\/index.php\/contato\/"]}]},{"@type":"WebSite","@id":"https:\/\/aprendasax.com\/#website","url":"https:\/\/aprendasax.com\/","name":"aprendasax.com","description":"Aprenda Sax: Seu guia online para dominar o saxofone. Li\u00e7\u00f5es, dicas e recursos para saxofonistas de todos os n\u00edveis. Aprenda t\u00e9cnicas, improvisa\u00e7\u00e3o e teoria musical aplicada ao saxofone. Junte-se \u00e0 nossa comunidade apaixonada pelo saxofone e desenvolva suas habilidades musicais. Explore o Aprenda Sax agora!","publisher":{"@id":"https:\/\/aprendasax.com\/#\/schema\/person\/a12a819aa155a5b78301089ca515dcd4"},"alternateName":"Aprenda Sax","potentialAction":[{"@type":"SearchAction","target":{"@type":"EntryPoint","urlTemplate":"https:\/\/aprendasax.com\/?s={search_term_string}"},"query-input":"required name=search_term_string"}],"inLanguage":"en-US"},{"@type":["Person","Organization"],"@id":"https:\/\/aprendasax.com\/#\/schema\/person\/a12a819aa155a5b78301089ca515dcd4","name":"Pablo Hugo Ribeiro de Lima","image":{"@type":"ImageObject","inLanguage":"en-US","@id":"https:\/\/aprendasax.com\/#\/schema\/person\/image\/","url":"http:\/\/aprendasax.com\/wp-content\/uploads\/2023\/07\/Pablo-Ribeiro-Sax-scaled-e1689192036146.jpg","contentUrl":"http:\/\/aprendasax.com\/wp-content\/uploads\/2023\/07\/Pablo-Ribeiro-Sax-scaled-e1689192036146.jpg","width":1707,"height":1708,"caption":"Pablo Hugo Ribeiro de Lima"},"logo":{"@id":"https:\/\/aprendasax.com\/#\/schema\/person\/image\/"},"description":"E a\u00ed, meus alunos e alunas de saxofone, tudo bem com voc\u00eas? Eu me chamo Pablo Ribeiro, sou um saxofonista com mais de uma d\u00e9cada de experi\u00eancia. Estudei saxofone no Conservat\u00f3rio Regional de Lyon, na Fran\u00e7a, e sou formado em saxofone pelo Conservat\u00f3rio de Tatu\u00ed, o maior da Am\u00e9rica Latina. Compartilho minha paix\u00e3o pelo saxofone e minha metodologia de ensino. Sou Artista Barkley, professor do Projeto Guri em S\u00e3o Paulo e fundador dos cursos online \"Iniciantes do Sax\" e \"O controle do sax\".","sameAs":["http:\/\/www.aprendasax.com","https:\/\/www.facebook.com\/pabloribeirosaxx","https:\/\/www.instagram.com\/pabloribeirosax\/","https:\/\/www.youtube.com\/@pabloribeirosax"]}]}},"_links":{"self":[{"href":"https:\/\/aprendasax.com\/index.php\/wp-json\/wp\/v2\/pages\/97"}],"collection":[{"href":"https:\/\/aprendasax.com\/index.php\/wp-json\/wp\/v2\/pages"}],"about":[{"href":"https:\/\/aprendasax.com\/index.php\/wp-json\/wp\/v2\/types\/page"}],"author":[{"embeddable":true,"href":"https:\/\/aprendasax.com\/index.php\/wp-json\/wp\/v2\/users\/1"}],"replies":[{"embeddable":true,"href":"https:\/\/aprendasax.com\/index.php\/wp-json\/wp\/v2\/comments?post=97"}],"version-history":[{"count":4,"href":"https:\/\/aprendasax.com\/index.php\/wp-json\/wp\/v2\/pages\/97\/revisions"}],"predecessor-version":[{"id":144,"href":"https:\/\/aprendasax.com\/index.php\/wp-json\/wp\/v2\/pages\/97\/revisions\/144"}],"wp:attachment":[{"href":"https:\/\/aprendasax.com\/index.php\/wp-json\/wp\/v2\/media?parent=97"}],"curies":[{"name":"wp","href":"https:\/\/api.w.org\/{rel}","templated":true}]}}